{"id":2061,"date":"2023-06-11T19:06:15","date_gmt":"2023-06-11T19:06:15","guid":{"rendered":"https:\/\/bakistarim.com\/%d9%85%d9%86-%d9%86%d8%ad%d9%86\/"},"modified":"2023-07-10T07:35:39","modified_gmt":"2023-07-10T07:35:39","slug":"%d9%85%d9%86-%d9%86%d8%ad%d9%86","status":"publish","type":"page","link":"https:\/\/bakistarim.com\/ar\/%d9%85%d9%86-%d9%86%d8%ad%d9%86\/","title":{"rendered":"\u0645\u0646 \u0646\u062d\u0646"},"content":{"rendered":"\n  <div class=\"banner has-hover has-parallax\" id=\"banner-339423630\">\n          <div class=\"banner-inner fill\">\n        <div class=\"banner-bg fill\" data-parallax=\"-3\" data-parallax-container=\".banner\" data-parallax-background>\n            <div class=\"bg fill bg-fill \"><\/div>\n                        <div class=\"overlay\"><\/div>            \n                    <\/div>\n\t\t\n        <div class=\"banner-layers container\">\n            <div class=\"fill banner-link\"><\/div>            \n   <div id=\"text-box-1100978558\" class=\"text-box banner-layer x50 md-x50 lg-x50 y80 md-y80 lg-y80 res-text\">\n                                <div class=\"text-box-content text dark\">\n              \n              <div class=\"text-inner text-center\">\n                  \n<h1 class=\"lead\">\u0645\u0646 \u0646\u062d\u0646<\/h1>\n<p class=\"lead\">\u0645\u0646 \u062e\u0644\u0627\u0644 \u0645\u0646\u062a\u062c\u0627\u062a \u0639\u0627\u0644\u064a\u0629 \u0627\u0644\u062c\u0648\u062f\u0629 \u0648\u062a\u0642\u0646\u064a\u0627\u062a \u062a\u062e\u0632\u064a\u0646 \u0639\u0627\u0644\u064a\u0629 \u0627\u0644\u0641\u0646\u064a\u0629\u060c \u0646\u0642\u062f\u0645 \u0644\u0643 \u0645\u0646\u062a\u062c\u0627\u062a \u0639\u0644\u0641 \u0627\u0644\u0637\u064a\u0648\u0631 \u0648\u0627\u0644\u0628\u0642\u0648\u0644 &#8230;<\/p>\n              <\/div>\n           <\/div>\n                            \n<style>\n#text-box-1100978558 {\n  width: 60%;\n}\n#text-box-1100978558 .text-box-content {\n  font-size: 100%;\n}\n<\/style>\n    <\/div>\n \n        <\/div>\n      <\/div>\n\n            \n<style>\n#banner-339423630 {\n  padding-top: 507px;\n}\n#banner-339423630 .bg.bg-loaded {\n  background-image: url(https:\/\/bakistarim.com\/wp-content\/uploads\/2023\/06\/bk_about.jpg);\n}\n#banner-339423630 .overlay {\n  background-color: rgba(0, 0, 0, 0.49);\n}\n<\/style>\n  <\/div>\n\n\n\t<section class=\"section\" id=\"section_946566581\">\n\t\t<div class=\"bg section-bg fill bg-fill  bg-loaded\" >\n\n\t\t\t\n\t\t\t\n\t\t\t\n\t<div class=\"is-border\"\n\t\tstyle=\"border-color:rgb(235, 235, 235);border-width:1px 0px 0px 0px;\">\n\t<\/div>\n\n\t\t<\/div>\n\n\t\t\n\n\t\t<div class=\"section-content relative\">\n\t\t\t\n<div class=\"row row-large align-middle align-center\"  id=\"row-1876695721\">\n\n\t<div id=\"col-1163504880\" class=\"col medium-6 small-12 large-6\"  >\n\t\t\t\t<div class=\"col-inner text-center box-shadow-2 box-shadow-5-hover\"  >\n\t\t\t\n\t\t\t\n\t<div class=\"img has-hover x md-x lg-x y md-y lg-y\" id=\"image_876803733\">\n\t\t\t\t\t\t\t\t<div class=\"img-inner image-zoom dark\" >\n\t\t\t<img width=\"1020\" height=\"595\" src=\"https:\/\/bakistarim.com\/wp-content\/uploads\/2023\/06\/World.png\" class=\"attachment-large size-large\" alt=\"\" decoding=\"async\" loading=\"lazy\" srcset=\"https:\/\/bakistarim.com\/wp-content\/uploads\/2023\/06\/World.png 1254w, https:\/\/bakistarim.com\/wp-content\/uploads\/2023\/06\/World-685x400.png 685w, https:\/\/bakistarim.com\/wp-content\/uploads\/2023\/06\/World-768x448.png 768w\" sizes=\"(max-width: 1020px) 100vw, 1020px\" \/>\t\t\t\t\t\t\n\t\t\t\t\t<\/div>\n\t\t\t\t\t\t\t\t\n<style>\n#image_876803733 {\n  width: 100%;\n}\n<\/style>\n\t<\/div>\n\t\n\t\t<\/div>\n\t\t\t\t\n<style>\n#col-1163504880 > .col-inner {\n  padding: 15px 15px 15px 15px;\n}\n<\/style>\n\t<\/div>\n\n\t\n\n\t<div id=\"col-207758171\" class=\"col medium-6 small-12 large-6\"  >\n\t\t\t\t<div class=\"col-inner text-center box-shadow-2 box-shadow-5-hover\"  >\n\t\t\t\n\t\t\t\n\t<div class=\"img has-hover x md-x lg-x y md-y lg-y\" id=\"image_1278380214\">\n\t\t\t\t\t\t\t\t<div class=\"img-inner image-zoom dark\" >\n\t\t\t<img width=\"320\" height=\"320\" src=\"https:\/\/bakistarim.com\/wp-content\/uploads\/2023\/06\/satisfaction.png\" class=\"attachment-large size-large\" alt=\"\" decoding=\"async\" loading=\"lazy\" srcset=\"https:\/\/bakistarim.com\/wp-content\/uploads\/2023\/06\/satisfaction.png 320w, https:\/\/bakistarim.com\/wp-content\/uploads\/2023\/06\/satisfaction-280x280.png 280w\" sizes=\"(max-width: 320px) 100vw, 320px\" \/>\t\t\t\t\t\t\n\t\t\t\t\t<\/div>\n\t\t\t\t\t\t\t\t\n<style>\n#image_1278380214 {\n  width: 57%;\n}\n<\/style>\n\t<\/div>\n\t\n\t\t<\/div>\n\t\t\t\t\n<style>\n#col-207758171 > .col-inner {\n  padding: 15px 15px 15px 15px;\n}\n<\/style>\n\t<\/div>\n\n\t\n\n\t<div id=\"col-2042925375\" class=\"col medium-10 small-12 large-10\"  >\n\t\t\t\t<div class=\"col-inner text-center\"  >\n\t\t\t\n\t\t\t\n<div class=\"is-divider divider clearfix\" ><\/div>\n<p class=\"lead text-center\">\u062a\u0623\u0633\u0633\u062a \u0634\u0631\u0643\u0629 Bak\u0131\u015f Tar\u0131m \u0641\u064a \u0645\u0631\u0633\u064a\u0646 \u0641\u064a \u0639\u0627\u0645 2013\u060c \u0648\u0623\u0635\u0628\u062d\u062a \u0648\u0627\u062d\u062f\u0629 \u0645\u0646 \u0627\u0644\u0634\u0631\u0643\u0627\u062a \u0627\u0644\u0631\u0627\u0626\u062f\u0629 \u0641\u064a \u0642\u0637\u0627\u0639 \u0639\u0644\u0641 \u0627\u0644\u0637\u064a\u0648\u0631 \u0648\u0627\u0644\u0628\u0642\u0648\u0644 \u0641\u064a \u062a\u0631\u0643\u064a\u0627 \u0648\u062e\u0627\u0631\u062c\u0647\u0627 \u0645\u0646 \u062e\u0644\u0627\u0644 \u0645\u0628\u062f\u0623 \u0627\u0644\u0639\u0645\u0644 \u0627\u0644\u0645\u0648\u062c\u0647 \u0646\u062d\u0648 \u0625\u0631\u0636\u0627\u0621 \u0627\u0644\u0639\u0645\u0644\u0627\u0621 \u0648\u0647\u0648\u064a\u0629 \u0627\u0644\u0634\u0631\u0643\u0629 \u062f\u0648\u0646 \u0627\u0644\u0645\u0633\u0627\u0648\u0645\u0629 \u0639\u0644\u0649 \u0627\u0644\u062c\u0648\u062f\u0629 \u062a\u0642\u062f\u0645 \u0634\u0631\u0643\u062a\u0646\u0627 \u0645\u0646\u062a\u062c\u0627\u062a\u0646\u0627\u060c \u0627\u0644\u062a\u064a \u0646\u0634\u062a\u0631\u064a\u0647\u0627 \u0645\u0646 \u0627\u0644\u0623\u0633\u0648\u0627\u0642 \u0627\u0644\u062e\u0627\u0631\u062c\u064a\u0629 \u0648\u0627\u0644\u0645\u062d\u0644\u064a\u0629\u060c \u0644\u0639\u0645\u0644\u0627\u0626\u0646\u0627 \u0645\u0646 \u062e\u0644\u0627\u0644 \u0625\u062c\u0631\u0627\u0621 \u0627\u0644\u0639\u0645\u0644\u064a\u0627\u062a \u0627\u0644\u0644\u0627\u0632\u0645\u0629 \u0641\u064a \u0645\u0646\u0634\u0622\u062a\u0646\u0627 \u0627\u0644\u062d\u062f\u064a\u062b\u0629 \u0644\u062f\u064a\u0646\u0627 \u0645\u0628\u064a\u0639\u0627\u062a \u0641\u064a \u0643\u0644 \u0645\u0642\u0627\u0637\u0639\u0629 \u0648\u0645\u0646\u0637\u0642\u0629 \u0641\u064a \u062a\u0631\u0643\u064a\u0627 \u0645\u0646 \u062e\u0644\u0627\u0644 \u0634\u0628\u0643\u0629 \u0627\u0644\u062a\u0633\u0648\u064a\u0642 \u0627\u0644\u0648\u0627\u0633\u0639\u0629 \u0644\u062f\u064a\u0646\u0627\u060c \u0648\u0641\u0631\u064a\u0642\u0646\u0627 \u0627\u0644\u064a\u0627\u0641\u0639 \u0648\u0627\u0644\u062f\u064a\u0646\u0627\u0645\u064a\u0643\u064a.<\/p>\n\t\t<\/div>\n\t\t\t\t\t<\/div>\n\n\t\n<\/div>\n\t\t<\/div>\n\n\t\t\n<style>\n#section_946566581 {\n  padding-top: 59px;\n  padding-bottom: 59px;\n  min-height: 300px;\n  background-color: rgb(240, 240, 240);\n}\n<\/style>\n\t<\/section>\n\t\n\t<section class=\"section has-parallax\" id=\"section_409035360\">\n\t\t<div class=\"bg section-bg fill bg-fill  \" data-parallax-container=\".section\" data-parallax-background data-parallax=\"-8\">\n\n\t\t\t\n\t\t\t\n\t\t\t\n\t<div class=\"is-border\"\n\t\tstyle=\"border-color:rgb(235, 235, 235);border-width:1px 0px 0px 0px;\">\n\t<\/div>\n\n\t\t<\/div>\n\n\t\t\n\n\t\t<div class=\"section-content relative\">\n\t\t\t\n<div class=\"row row-large align-middle align-center\"  id=\"row-1430169301\">\n\n\t<div id=\"col-1029469639\" class=\"col medium-10 small-12 large-10\"  >\n\t\t\t\t<div class=\"col-inner text-center\"  >\n\t\t\t\n\t\t\t\n<div class=\"is-divider divider clearfix\" ><\/div>\n\t\t<\/div>\n\t\t\t\t\n<style>\n#col-1029469639 > .col-inner {\n  padding: 0px 0px 0px 0px;\n}\n<\/style>\n\t<\/div>\n\n\t\n<\/div>\n\t\t<\/div>\n\n\t\t\n<style>\n#section_409035360 {\n  padding-top: 59px;\n  padding-bottom: 59px;\n  min-height: 300px;\n  background-color: rgb(240, 240, 240);\n}\n#section_409035360 .section-bg.bg-loaded {\n  background-image: url(https:\/\/bakistarim.com\/wp-content\/uploads\/2023\/06\/about_im_2.jpg);\n}\n<\/style>\n\t<\/section>\n\t\n\t<section class=\"section\" id=\"section_1380600029\">\n\t\t<div class=\"bg section-bg fill bg-fill  bg-loaded\" >\n\n\t\t\t\n\t\t\t\n\t\t\t\n\t<div class=\"is-border\"\n\t\tstyle=\"border-color:rgb(235, 235, 235);border-width:1px 0px 0px 0px;\">\n\t<\/div>\n\n\t\t<\/div>\n\n\t\t\n\n\t\t<div class=\"section-content relative\">\n\t\t\t\n<div class=\"row row-large align-middle align-center\"  id=\"row-2125097633\">\n\n\t<div id=\"col-709859265\" class=\"col medium-10 small-12 large-10\"  >\n\t\t\t\t<div class=\"col-inner text-center\"  >\n\t\t\t\n\t\t\t\n<div class=\"is-divider divider clearfix\" ><\/div>\n\t<div class=\"img has-hover x md-x lg-x y md-y lg-y\" id=\"image_1566165557\">\n\t\t\t\t\t\t\t\t<div class=\"img-inner image-zoom dark\" >\n\t\t\t<img width=\"350\" height=\"350\" src=\"https:\/\/bakistarim.com\/wp-content\/uploads\/2023\/06\/mision-icon.png\" class=\"attachment-original size-original\" alt=\"\" decoding=\"async\" loading=\"lazy\" srcset=\"https:\/\/bakistarim.com\/wp-content\/uploads\/2023\/06\/mision-icon.png 350w, https:\/\/bakistarim.com\/wp-content\/uploads\/2023\/06\/mision-icon-280x280.png 280w\" sizes=\"(max-width: 350px) 100vw, 350px\" \/>\t\t\t\t\t\t\n\t\t\t\t\t<\/div>\n\t\t\t\t\t\t\t\t\n<style>\n#image_1566165557 {\n  width: 18%;\n}\n<\/style>\n\t<\/div>\n\t\n<h2 class=\"lead\" style=\"text-align: center;\">\u0647\u062f\u0641\u0646\u0627<\/h2>\n<p class=\"lead\" style=\"text-align: center;\">\u0646\u062d\u0646 \u0634\u0631\u0643\u0629 Bak\u0131\u015f Tar\u0131m \u0646\u0633\u0639\u0649 \u0644\u0623\u0646 \u062a\u0643\u0648\u0646 \u0639\u0644\u0627\u0645\u0627\u062a\u0646\u0627 \u0627\u0644\u062a\u062c\u0627\u0631\u064a\u0629 \u0645\u0631\u0645\u0648\u0642\u0629 \u062a\u062c\u062f\u062f \u0646\u0641\u0633\u0647\u0627 \u0628\u0627\u0633\u062a\u0645\u0631\u0627\u0631 \u0648\u064a\u0641\u0636\u0644\u0647\u0627 \u0639\u0645\u0644\u0627\u0624\u0647\u0627 \u0641\u064a \u0627\u0644\u0645\u0642\u0627\u0645 \u0627\u0644\u0623\u0648\u0644\u060c \u0645\u0646 \u062e\u0644\u0627\u0644 \u0646\u0647\u062c\u0646\u0627 \u0627\u0644\u0645\u0628\u062a\u0643\u0631 \u0648\u0627\u0644\u062c\u0648\u0647\u0631\u064a \u0648\u0627\u0644\u0645\u062a\u0639\u0644\u0642 \u0628\u0627\u062d\u062a\u064a\u0627\u062c\u0627\u062a \u0627\u0644\u0639\u0645\u0644\u0627\u0621 \u0641\u064a\u0645\u0627 \u064a\u062a\u0639\u0644\u0642 \u0628\u0623\u0639\u0644\u0627\u0641 \u0627\u0644\u0637\u064a\u0648\u0631 \u0648\u0627\u0644\u0628\u0642\u0648\u0644\u064a\u0627\u062a\u060c \u0648\u0627\u0644\u062d\u0641\u0627\u0638 \u0639\u0644\u0649 \u0631\u0636\u0627 \u0648\u062b\u0642\u0629 \u0639\u0645\u0644\u0627\u0626\u0646\u0627 \u0641\u064a \u0627\u0644\u0645\u0642\u062f\u0645\u0629 \u0645\u0646 \u062e\u0644\u0627\u0644 \u0632\u064a\u0627\u062f\u0629 \u0637\u0627\u0642\u062a\u0647\u0627 \u0627\u0644\u0625\u0646\u062a\u0627\u062c\u064a\u0629\u060c \u0648\u062a\u0646\u0648\u0639 \u0627\u0644\u0645\u0646\u062a\u062c\u0627\u062a \u0648\u062d\u062c\u0645 \u0627\u0644\u0635\u0627\u062f\u0631\u0627\u062a. \u0648\u0645\u0648\u0627\u0635\u0644\u0629 \u0627\u0644\u0645\u0636\u064a \u0642\u062f\u0645\u064b\u0627 \u0641\u064a \u0645\u0646\u062a\u062c\u0627\u062a\u0646\u0627 \u0648\u062e\u062f\u0645\u0627\u062a\u0646\u0627 \u0627\u0644\u062c\u062f\u064a\u062f\u0629.<\/p>\n\t\t<\/div>\n\t\t\t\t\t<\/div>\n\n\t\n<\/div>\n\t\t<\/div>\n\n\t\t\n<style>\n#section_1380600029 {\n  padding-top: 59px;\n  padding-bottom: 59px;\n  min-height: 300px;\n  background-color: rgb(240, 240, 240);\n}\n<\/style>\n\t<\/section>\n\t\n\t<section class=\"section has-parallax\" id=\"section_349119459\">\n\t\t<div class=\"bg section-bg fill bg-fill  \" data-parallax-container=\".section\" data-parallax-background data-parallax=\"-9\">\n\n\t\t\t\n\t\t\t\n\t\t\t\n\t<div class=\"is-border\"\n\t\tstyle=\"border-color:rgb(235, 235, 235);border-width:1px 0px 0px 0px;\">\n\t<\/div>\n\n\t\t<\/div>\n\n\t\t\n\n\t\t<div class=\"section-content relative\">\n\t\t\t\n<div class=\"row row-large align-middle align-center\"  id=\"row-558988218\">\n\n\t<div id=\"col-370533453\" class=\"col medium-10 small-12 large-10\"  >\n\t\t\t\t<div class=\"col-inner text-center\"  >\n\t\t\t\n\t\t\t\n<div class=\"is-divider divider clearfix\" ><\/div>\n\t\t<\/div>\n\t\t\t\t\n<style>\n#col-370533453 > .col-inner {\n  padding: 0px 0px 0px 0px;\n}\n<\/style>\n\t<\/div>\n\n\t\n<\/div>\n\t\t<\/div>\n\n\t\t\n<style>\n#section_349119459 {\n  padding-top: 59px;\n  padding-bottom: 59px;\n  min-height: 300px;\n  background-color: rgb(240, 240, 240);\n}\n#section_349119459 .section-bg.bg-loaded {\n  background-image: url(https:\/\/bakistarim.com\/wp-content\/uploads\/2023\/06\/about_im_1.jpg);\n}\n<\/style>\n\t<\/section>\n\t\n\t<section class=\"section\" id=\"section_1892496326\">\n\t\t<div class=\"bg section-bg fill bg-fill  bg-loaded\" >\n\n\t\t\t\n\t\t\t\n\t\t\t\n\t<div class=\"is-border\"\n\t\tstyle=\"border-color:rgb(235, 235, 235);border-width:1px 0px 0px 0px;\">\n\t<\/div>\n\n\t\t<\/div>\n\n\t\t\n\n\t\t<div class=\"section-content relative\">\n\t\t\t\n<div class=\"row row-large align-middle align-center\"  id=\"row-1932669051\">\n\n\t<div id=\"col-1158441180\" class=\"col medium-10 small-12 large-10\"  >\n\t\t\t\t<div class=\"col-inner text-center\"  >\n\t\t\t\n\t\t\t\n<div class=\"is-divider divider clearfix\" ><\/div>\n\t<div class=\"img has-hover x md-x lg-x y md-y lg-y\" id=\"image_548424964\">\n\t\t\t\t\t\t\t\t<div class=\"img-inner image-zoom dark\" >\n\t\t\t<img width=\"350\" height=\"350\" src=\"https:\/\/bakistarim.com\/wp-content\/uploads\/2023\/06\/mision-icon.png\" class=\"attachment-original size-original\" alt=\"\" decoding=\"async\" loading=\"lazy\" srcset=\"https:\/\/bakistarim.com\/wp-content\/uploads\/2023\/06\/mision-icon.png 350w, https:\/\/bakistarim.com\/wp-content\/uploads\/2023\/06\/mision-icon-280x280.png 280w\" sizes=\"(max-width: 350px) 100vw, 350px\" \/>\t\t\t\t\t\t\n\t\t\t\t\t<\/div>\n\t\t\t\t\t\t\t\t\n<style>\n#image_548424964 {\n  width: 18%;\n}\n<\/style>\n\t<\/div>\n\t\n<h2 class=\"lead\" style=\"text-align: center;\">\u0631\u0624\u064a\u062a\u0646\u0627<\/h2>\n<p style=\"text-align: center;\">\u062a\u0632\u0648\u064a\u062f \u0639\u0645\u0644\u0627\u0626\u0646\u0627 \u0628\u0645\u0646\u062a\u062c\u0627\u062a \u0639\u0627\u0644\u064a\u0629 \u0627\u0644\u062c\u0648\u062f\u0629\u060c \u0635\u062d\u064a\u0629\u060c \u0645\u0628\u062a\u0643\u0631\u0629\u060c \u062c\u062f\u064a\u0631\u0629 \u0628\u0627\u0644\u062b\u0642\u0629\u060c \u0644\u0630\u064a\u0630\u0629 \u0648\u0637\u0628\u064a\u0639\u064a\u0629 \u0645\u0646 \u062e\u0644\u0627\u0644 \u0645\u0639\u0631\u0641\u062a\u0646\u0627 \u0648\u062e\u0628\u0631\u062a\u0646\u0627.<\/p>\n\t\t<\/div>\n\t\t\t\t\t<\/div>\n\n\t\n<\/div>\n\t\t<\/div>\n\n\t\t\n<style>\n#section_1892496326 {\n  padding-top: 59px;\n  padding-bottom: 59px;\n  min-height: 300px;\n  background-color: rgb(240, 240, 240);\n}\n<\/style>\n\t<\/section>\n\t\n\t<section class=\"section has-parallax\" id=\"section_898554196\">\n\t\t<div class=\"bg section-bg fill bg-fill  \" data-parallax-container=\".section\" data-parallax-background data-parallax=\"-9\">\n\n\t\t\t\n\t\t\t\n\t\t\t\n\t<div class=\"is-border\"\n\t\tstyle=\"border-color:rgb(235, 235, 235);border-width:1px 0px 0px 0px;\">\n\t<\/div>\n\n\t\t<\/div>\n\n\t\t\n\n\t\t<div class=\"section-content relative\">\n\t\t\t\n<div class=\"row row-large align-middle align-center\"  id=\"row-1222045906\">\n\n\t<div id=\"col-1759637367\" class=\"col medium-10 small-12 large-10\"  >\n\t\t\t\t<div class=\"col-inner text-center\"  >\n\t\t\t\n\t\t\t\n\t<div class=\"img has-hover x md-x lg-x y md-y lg-y\" id=\"image_352246008\">\n\t\t\t\t\t\t\t\t<div class=\"img-inner dark\" >\n\t\t\t<img width=\"532\" height=\"416\" src=\"https:\/\/bakistarim.com\/wp-content\/uploads\/2023\/06\/logo_bks.png\" class=\"attachment-medium_large size-medium_large\" alt=\"\" decoding=\"async\" loading=\"lazy\" srcset=\"https:\/\/bakistarim.com\/wp-content\/uploads\/2023\/06\/logo_bks.png 532w, https:\/\/bakistarim.com\/wp-content\/uploads\/2023\/06\/logo_bks-512x400.png 512w\" sizes=\"(max-width: 532px) 100vw, 532px\" \/>\t\t\t\t\t\t\n\t\t\t\t\t<\/div>\n\t\t\t\t\t\t\t\t\n<style>\n#image_352246008 {\n  width: 36%;\n}\n<\/style>\n\t<\/div>\n\t\n<div class=\"is-divider divider clearfix\" ><\/div>\n\t\t<\/div>\n\t\t\t\t\n<style>\n#col-1759637367 > .col-inner {\n  padding: 0px 0px 0px 0px;\n}\n<\/style>\n\t<\/div>\n\n\t\n<\/div>\n\t\t<\/div>\n\n\t\t\n<style>\n#section_898554196 {\n  padding-top: 59px;\n  padding-bottom: 59px;\n  min-height: 300px;\n  background-color: rgb(240, 240, 240);\n}\n#section_898554196 .section-bg.bg-loaded {\n  background-image: url(https:\/\/bakistarim.com\/wp-content\/uploads\/2023\/06\/bg_3.jpg);\n}\n<\/style>\n\t<\/section>\n\t\n","protected":false},"excerpt":{"rendered":"","protected":false},"author":1,"featured_media":1899,"parent":0,"menu_order":0,"comment_status":"closed","ping_status":"closed","template":"page-transparent-header-light.php","meta":[],"_links":{"self":[{"href":"https:\/\/bakistarim.com\/ar\/wp-json\/wp\/v2\/pages\/2061"}],"collection":[{"href":"https:\/\/bakistarim.com\/ar\/wp-json\/wp\/v2\/pages"}],"about":[{"href":"https:\/\/bakistarim.com\/ar\/wp-json\/wp\/v2\/types\/page"}],"author":[{"embeddable":true,"href":"https:\/\/bakistarim.com\/ar\/wp-json\/wp\/v2\/users\/1"}],"replies":[{"embeddable":true,"href":"https:\/\/bakistarim.com\/ar\/wp-json\/wp\/v2\/comments?post=2061"}],"version-history":[{"count":5,"href":"https:\/\/bakistarim.com\/ar\/wp-json\/wp\/v2\/pages\/2061\/revisions"}],"predecessor-version":[{"id":2140,"href":"https:\/\/bakistarim.com\/ar\/wp-json\/wp\/v2\/pages\/2061\/revisions\/2140"}],"wp:featuredmedia":[{"embeddable":true,"href":"https:\/\/bakistarim.com\/ar\/wp-json\/wp\/v2\/media\/1899"}],"wp:attachment":[{"href":"https:\/\/bakistarim.com\/ar\/wp-json\/wp\/v2\/media?parent=2061"}],"curies":[{"name":"wp","href":"https:\/\/api.w.org\/{rel}","templated":true}]}}