{"id":2085,"date":"2023-06-16T20:28:52","date_gmt":"2023-06-16T20:28:52","guid":{"rendered":"https:\/\/bakistarim.com\/%d8%a7%d9%84%d8%a8%d9%82%d9%88%d9%84%d9%8a%d8%a7%d8%aa\/"},"modified":"2023-07-07T11:19:20","modified_gmt":"2023-07-07T11:19:20","slug":"%d8%a7%d9%84%d8%a8%d9%82%d9%88%d9%84%d9%8a%d8%a7%d8%aa","status":"publish","type":"page","link":"https:\/\/bakistarim.com\/ar\/%d8%a7%d9%84%d8%a8%d9%82%d9%88%d9%84%d9%8a%d8%a7%d8%aa\/","title":{"rendered":"\u0627\u0644\u0628\u0642\u0648\u0644\u064a\u0627\u062a"},"content":{"rendered":"\n  <div class=\"banner has-hover has-parallax\" id=\"banner-1488772317\">\n          <div class=\"banner-inner fill\">\n        <div class=\"banner-bg fill\" data-parallax=\"-3\" data-parallax-container=\".banner\" data-parallax-background>\n            <div class=\"bg fill bg-fill \"><\/div>\n                                    \n                    <\/div>\n\t\t\n        <div class=\"banner-layers container\">\n            <div class=\"fill banner-link\"><\/div>            \n   <div id=\"text-box-1853889645\" class=\"text-box banner-layer x50 md-x50 lg-x50 y50 md-y50 lg-y50 res-text\">\n                                <div class=\"text-box-content text dark\">\n              \n              <div class=\"text-inner text-center\">\n                  \n<h1 class=\"lead\">\u0627\u0644\u0628\u0642\u0648\u0644\u064a\u0627\u062a<\/h1>\n<p class=\"lead\">\u0645\u0631\u062d\u0628\u064b\u0627 \u0628\u0643\u0645 \u0641\u064a Bak\u0131\u015f Tar\u0131m!<br \/>\n\u0646\u062d\u0646 \u0634\u0631\u0643\u0629 Bak\u0131\u015f Tar\u0131m \u0646\u0639\u0645\u0644 \u0645\u0646 \u0623\u062c\u0644 \u062a\u0642\u062f\u064a\u0645 \u0623\u062c\u0648\u062f \u0623\u0646\u0648\u0627\u0639 \u0627\u0644\u0628\u0642\u0648\u0644 \u0644\u0639\u0645\u0644\u0627\u0626\u0646\u0627. \u0645\u0646\u062a\u062c\u0627\u062a\u0646\u0627 \u062a\u0634\u0645\u0644 \u0627\u0644\u062d\u0645\u0635 \u0648\u0627\u0644\u0641\u0627\u0635\u0648\u0644\u064a\u0627 \u0648\u0627\u0644\u0639\u062f\u0633 \u0648\u0627\u0644\u0641\u0627\u0635\u0648\u0644\u064a\u0627 \u0648\u0627\u0644\u0623\u0631\u0632 \u0648\u063a\u064a\u0631\u0647\u0627 \u0627\u0644\u0643\u062b\u064a\u0631. \u0645\u0646\u062a\u062c\u0627\u062a\u0646\u0627 \u062a\u0634\u0645\u0644 \u0627\u0644\u062d\u0645\u0635 \u0648\u0627\u0644\u0641\u0627\u0635\u0648\u0644\u064a\u0627 \u0648\u0627\u0644\u0639\u062f\u0633 \u0648\u0627\u0644\u0641\u0627\u0635\u0648\u0644\u064a\u0627 \u0648\u0627\u0644\u0623\u0631\u0632 \u0648\u063a\u064a\u0631\u0647\u0627 \u0627\u0644\u0643\u062b\u064a\u0631.<\/p>\n              <\/div>\n           <\/div>\n                            \n<style>\n#text-box-1853889645 {\n  width: 60%;\n}\n#text-box-1853889645 .text-box-content {\n  font-size: 100%;\n}\n<\/style>\n    <\/div>\n \n        <\/div>\n      <\/div>\n\n            \n<style>\n#banner-1488772317 {\n  padding-top: 507px;\n}\n#banner-1488772317 .bg.bg-loaded {\n  background-image: url(https:\/\/bakistarim.com\/wp-content\/uploads\/2023\/06\/bakliyat_bg.jpg);\n}\n<\/style>\n  <\/div>\n\n\n\t<section class=\"section\" id=\"section_1133223367\">\n\t\t<div class=\"bg section-bg fill bg-fill  bg-loaded\" >\n\n\t\t\t\n\t\t\t<div class=\"section-bg-overlay absolute fill\"><\/div>\n\t\t\t\n\n\t\t<\/div>\n\n\t\t\n\n\t\t<div class=\"section-content relative\">\n\t\t\t\n<div class=\"row row-collapse align-center\"  id=\"row-1918352384\">\n\n\t<div id=\"col-474816139\" class=\"col medium-10 small-12 large-10\"  >\n\t\t\t\t<div class=\"col-inner text-center\"  >\n\t\t\t\n\t\t\t\n\t<div class=\"img has-hover x md-x lg-x y md-y lg-y\" id=\"image_2050893409\">\n\t\t\t\t\t\t\t\t<div class=\"img-inner dark\" >\n\t\t\t<img width=\"256\" height=\"256\" src=\"https:\/\/bakistarim.com\/wp-content\/uploads\/2023\/06\/beans.png\" class=\"attachment-thumbnail size-thumbnail\" alt=\"\" decoding=\"async\" loading=\"lazy\" \/>\t\t\t\t\t\t\n\t\t\t\t\t<\/div>\n\t\t\t\t\t\t\t\t\n<style>\n#image_2050893409 {\n  width: 20%;\n}\n<\/style>\n\t<\/div>\n\t\n<div class=\"is-divider divider clearfix\" ><\/div>\n<h2 style=\"text-align: center;\">\u0645\u0646\u062a\u062c\u0627\u062a \u0627\u0644\u0628\u0642\u0648\u0644\u064a\u0627\u062a \u0627\u0644\u063a\u0630\u0627\u0626\u064a\u0629 \u0627\u0644\u062c\u0627\u0641\u0629 \u0644\u062f\u064a\u0646\u0627<\/h2>\n\t\t<\/div>\n\t\t\t\t\n<style>\n#col-474816139 > .col-inner {\n  padding: 50px 0px 50px 0px;\n}\n<\/style>\n\t<\/div>\n\n\t\n\n\t<div id=\"col-1085886660\" class=\"col large-12\"  >\n\t\t\t\t<div class=\"col-inner\"  >\n\t\t\t\n\t\t\t\n<div class=\"row\"  id=\"row-1636997856\">\n\n\t<div id=\"col-1590304753\" class=\"col medium-4 small-12 large-4\"  >\n\t\t\t\t<div class=\"col-inner\"  >\n\t\t\t\n\t\t\t\n\t<div class=\"img has-hover x md-x lg-x y md-y lg-y\" id=\"image_2110824512\">\n\t\t\t\t\t\t\t\t<div class=\"img-inner dark\" >\n\t\t\t<img width=\"400\" height=\"400\" src=\"https:\/\/bakistarim.com\/wp-content\/uploads\/2023\/06\/mercimek-futbol.jpg\" class=\"attachment-large size-large\" alt=\"\" decoding=\"async\" loading=\"lazy\" srcset=\"https:\/\/bakistarim.com\/wp-content\/uploads\/2023\/06\/mercimek-futbol.jpg 400w, https:\/\/bakistarim.com\/wp-content\/uploads\/2023\/06\/mercimek-futbol-280x280.jpg 280w\" sizes=\"(max-width: 400px) 100vw, 400px\" \/>\t\t\t\t\t\t\n\t\t\t\t\t<\/div>\n\t\t\t\t\t\t\t\t\n<style>\n#image_2110824512 {\n  width: 100%;\n}\n<\/style>\n\t<\/div>\n\t\n<p style=\"text-align: center;\">\u0639\u062f\u0633 \u0643\u0631\u0629 \u0627\u0644\u0642\u062f\u0645<\/p>\n\t\t<\/div>\n\t\t\t\t\t<\/div>\n\n\t\n\n\t<div id=\"col-298318017\" class=\"col medium-4 small-12 large-4\"  >\n\t\t\t\t<div class=\"col-inner\"  >\n\t\t\t\n\t\t\t\n\t<div class=\"img has-hover x md-x lg-x y md-y lg-y\" id=\"image_1638923850\">\n\t\t\t\t\t\t\t\t<div class=\"img-inner dark\" >\n\t\t\t<img width=\"400\" height=\"400\" src=\"https:\/\/bakistarim.com\/wp-content\/uploads\/2023\/06\/Mercimek-Sari.jpg\" class=\"attachment-large size-large\" alt=\"\" decoding=\"async\" loading=\"lazy\" srcset=\"https:\/\/bakistarim.com\/wp-content\/uploads\/2023\/06\/Mercimek-Sari.jpg 400w, https:\/\/bakistarim.com\/wp-content\/uploads\/2023\/06\/Mercimek-Sari-280x280.jpg 280w\" sizes=\"(max-width: 400px) 100vw, 400px\" \/>\t\t\t\t\t\t\n\t\t\t\t\t<\/div>\n\t\t\t\t\t\t\t\t\n<style>\n#image_1638923850 {\n  width: 100%;\n}\n<\/style>\n\t<\/div>\n\t\n<p style=\"text-align: center;\">\u0627\u0644\u0639\u062f\u0633 \u0623\u0635\u0641\u0631<\/p>\n\t\t<\/div>\n\t\t\t\t\t<\/div>\n\n\t\n\n\t<div id=\"col-1798389481\" class=\"col medium-4 small-12 large-4\"  >\n\t\t\t\t<div class=\"col-inner\"  >\n\t\t\t\n\t\t\t\n\t<div class=\"img has-hover x md-x lg-x y md-y lg-y\" id=\"image_299176767\">\n\t\t\t\t\t\t\t\t<div class=\"img-inner dark\" >\n\t\t\t<img width=\"400\" height=\"400\" src=\"https:\/\/bakistarim.com\/wp-content\/uploads\/2023\/06\/Mercimek-Yesil.jpg\" class=\"attachment-large size-large\" alt=\"\" decoding=\"async\" loading=\"lazy\" srcset=\"https:\/\/bakistarim.com\/wp-content\/uploads\/2023\/06\/Mercimek-Yesil.jpg 400w, https:\/\/bakistarim.com\/wp-content\/uploads\/2023\/06\/Mercimek-Yesil-280x280.jpg 280w\" sizes=\"(max-width: 400px) 100vw, 400px\" \/>\t\t\t\t\t\t\n\t\t\t\t\t<\/div>\n\t\t\t\t\t\t\t\t\n<style>\n#image_299176767 {\n  width: 100%;\n}\n<\/style>\n\t<\/div>\n\t\n<p style=\"text-align: center;\">\u0627\u0644\u0639\u062f\u0633 \u0627\u0644\u0627\u062e\u0636\u0631<\/p>\n\t\t<\/div>\n\t\t\t\t\t<\/div>\n\n\t\n<\/div>\n\t\t<\/div>\n\t\t\t\t\t<\/div>\n\n\t\n<\/div>\n<div class=\"row row-collapse align-center\"  id=\"row-1099896543\">\n\n\t<div id=\"col-1747763136\" class=\"col large-12\"  >\n\t\t\t\t<div class=\"col-inner\"  >\n\t\t\t\n\t\t\t\n<div class=\"row\"  id=\"row-1426000958\">\n\n\t<div id=\"col-504293987\" class=\"col medium-4 small-12 large-4\"  >\n\t\t\t\t<div class=\"col-inner\"  >\n\t\t\t\n\t\t\t\n\t<div class=\"img has-hover x md-x lg-x y md-y lg-y\" id=\"image_1944663530\">\n\t\t\t\t\t\t\t\t<div class=\"img-inner dark\" >\n\t\t\t<img width=\"400\" height=\"400\" src=\"https:\/\/bakistarim.com\/wp-content\/uploads\/2023\/06\/Fasulye-Beyaz.jpg\" class=\"attachment-large size-large\" alt=\"\" decoding=\"async\" loading=\"lazy\" srcset=\"https:\/\/bakistarim.com\/wp-content\/uploads\/2023\/06\/Fasulye-Beyaz.jpg 400w, https:\/\/bakistarim.com\/wp-content\/uploads\/2023\/06\/Fasulye-Beyaz-280x280.jpg 280w\" sizes=\"(max-width: 400px) 100vw, 400px\" \/>\t\t\t\t\t\t\n\t\t\t\t\t<\/div>\n\t\t\t\t\t\t\t\t\n<style>\n#image_1944663530 {\n  width: 100%;\n}\n<\/style>\n\t<\/div>\n\t\n<p style=\"text-align: center;\">\u0641\u0627\u0635\u0648\u0644\u064a\u0627\u0621 \u0628\u064a\u0636\u0627\u0621<\/p>\n\t\t<\/div>\n\t\t\t\t\t<\/div>\n\n\t\n\n\t<div id=\"col-1354122896\" class=\"col medium-4 small-12 large-4\"  >\n\t\t\t\t<div class=\"col-inner\"  >\n\t\t\t\n\t\t\t\n\t<div class=\"img has-hover x md-x lg-x y md-y lg-y\" id=\"image_547069359\">\n\t\t\t\t\t\t\t\t<div class=\"img-inner dark\" >\n\t\t\t<img width=\"400\" height=\"400\" src=\"https:\/\/bakistarim.com\/wp-content\/uploads\/2023\/06\/Fasulye-Kirmizi.jpg\" class=\"attachment-large size-large\" alt=\"\" decoding=\"async\" loading=\"lazy\" srcset=\"https:\/\/bakistarim.com\/wp-content\/uploads\/2023\/06\/Fasulye-Kirmizi.jpg 400w, https:\/\/bakistarim.com\/wp-content\/uploads\/2023\/06\/Fasulye-Kirmizi-280x280.jpg 280w\" sizes=\"(max-width: 400px) 100vw, 400px\" \/>\t\t\t\t\t\t\n\t\t\t\t\t<\/div>\n\t\t\t\t\t\t\t\t\n<style>\n#image_547069359 {\n  width: 100%;\n}\n<\/style>\n\t<\/div>\n\t\n<p style=\"text-align: center;\">\u0641\u0627\u0635\u0648\u0644\u064a\u0627 \u062d\u0645\u0631\u0627\u0621<\/p>\n\t\t<\/div>\n\t\t\t\t\t<\/div>\n\n\t\n\n\t<div id=\"col-640037599\" class=\"col medium-4 small-12 large-4\"  >\n\t\t\t\t<div class=\"col-inner\"  >\n\t\t\t\n\t\t\t\n\t<div class=\"img has-hover x md-x lg-x y md-y lg-y\" id=\"image_1506828874\">\n\t\t\t\t\t\t\t\t<div class=\"img-inner dark\" >\n\t\t\t<img width=\"400\" height=\"400\" src=\"https:\/\/bakistarim.com\/wp-content\/uploads\/2023\/06\/Mas-Fasulye.jpg\" class=\"attachment-large size-large\" alt=\"\" decoding=\"async\" loading=\"lazy\" srcset=\"https:\/\/bakistarim.com\/wp-content\/uploads\/2023\/06\/Mas-Fasulye.jpg 400w, https:\/\/bakistarim.com\/wp-content\/uploads\/2023\/06\/Mas-Fasulye-280x280.jpg 280w\" sizes=\"(max-width: 400px) 100vw, 400px\" \/>\t\t\t\t\t\t\n\t\t\t\t\t<\/div>\n\t\t\t\t\t\t\t\t\n<style>\n#image_1506828874 {\n  width: 100%;\n}\n<\/style>\n\t<\/div>\n\t\n<p style=\"text-align: center;\">\u0627\u0644\u0644\u0648\u0628\u064a\u0627\u0621<\/p>\n\t\t<\/div>\n\t\t\t\t\t<\/div>\n\n\t\n\n\t<div id=\"col-1120982335\" class=\"col medium-4 small-12 large-4\"  >\n\t\t\t\t<div class=\"col-inner\"  >\n\t\t\t\n\t\t\t\n\t<div class=\"img has-hover x md-x lg-x y md-y lg-y\" id=\"image_1218046757\">\n\t\t\t\t\t\t\t\t<div class=\"img-inner dark\" >\n\t\t\t<img width=\"400\" height=\"400\" src=\"https:\/\/bakistarim.com\/wp-content\/uploads\/2023\/06\/Bulgur-Pilavlik.jpg\" class=\"attachment-large size-large\" alt=\"\" decoding=\"async\" loading=\"lazy\" srcset=\"https:\/\/bakistarim.com\/wp-content\/uploads\/2023\/06\/Bulgur-Pilavlik.jpg 400w, https:\/\/bakistarim.com\/wp-content\/uploads\/2023\/06\/Bulgur-Pilavlik-280x280.jpg 280w\" sizes=\"(max-width: 400px) 100vw, 400px\" \/>\t\t\t\t\t\t\n\t\t\t\t\t<\/div>\n\t\t\t\t\t\t\t\t\n<style>\n#image_1218046757 {\n  width: 100%;\n}\n<\/style>\n\t<\/div>\n\t\n<p style=\"text-align: center;\">\u0628\u0631\u063a\u0644 \u0627\u0644\u0637\u0647\u064a<\/p>\n\t\t<\/div>\n\t\t\t\t\t<\/div>\n\n\t\n\n\t<div id=\"col-605791276\" class=\"col medium-4 small-12 large-4\"  >\n\t\t\t\t<div class=\"col-inner\"  >\n\t\t\t\n\t\t\t\n\t<div class=\"img has-hover x md-x lg-x y md-y lg-y\" id=\"image_865980346\">\n\t\t\t\t\t\t\t\t<div class=\"img-inner dark\" >\n\t\t\t<img width=\"400\" height=\"400\" src=\"https:\/\/bakistarim.com\/wp-content\/uploads\/2023\/06\/Bulgur-Koftelik.jpg\" class=\"attachment-large size-large\" alt=\"\" decoding=\"async\" loading=\"lazy\" srcset=\"https:\/\/bakistarim.com\/wp-content\/uploads\/2023\/06\/Bulgur-Koftelik.jpg 400w, https:\/\/bakistarim.com\/wp-content\/uploads\/2023\/06\/Bulgur-Koftelik-280x280.jpg 280w\" sizes=\"(max-width: 400px) 100vw, 400px\" \/>\t\t\t\t\t\t\n\t\t\t\t\t<\/div>\n\t\t\t\t\t\t\t\t\n<style>\n#image_865980346 {\n  width: 100%;\n}\n<\/style>\n\t<\/div>\n\t\n<p style=\"text-align: center;\">\u0627\u0644\u0628\u0631\u063a\u0644 \u0627\u0644\u0646\u0627\u0639\u0645<\/p>\n\t\t<\/div>\n\t\t\t\t\t<\/div>\n\n\t\n\n\t<div id=\"col-1104364910\" class=\"col medium-4 small-12 large-4\"  >\n\t\t\t\t<div class=\"col-inner\"  >\n\t\t\t\n\t\t\t\n\t<div class=\"img has-hover x md-x lg-x y md-y lg-y\" id=\"image_1629677036\">\n\t\t\t\t\t\t\t\t<div class=\"img-inner dark\" >\n\t\t\t<img width=\"400\" height=\"400\" src=\"https:\/\/bakistarim.com\/wp-content\/uploads\/2023\/06\/Nohut.jpg\" class=\"attachment-large size-large\" alt=\"\" decoding=\"async\" loading=\"lazy\" srcset=\"https:\/\/bakistarim.com\/wp-content\/uploads\/2023\/06\/Nohut.jpg 400w, https:\/\/bakistarim.com\/wp-content\/uploads\/2023\/06\/Nohut-280x280.jpg 280w\" sizes=\"(max-width: 400px) 100vw, 400px\" \/>\t\t\t\t\t\t\n\t\t\t\t\t<\/div>\n\t\t\t\t\t\t\t\t\n<style>\n#image_1629677036 {\n  width: 100%;\n}\n<\/style>\n\t<\/div>\n\t\n<p style=\"text-align: center;\">\u062d\u0645\u0635<\/p>\n\t\t<\/div>\n\t\t\t\t\t<\/div>\n\n\t\n\n\t<div id=\"col-1718771526\" class=\"col medium-4 small-12 large-4\"  >\n\t\t\t\t<div class=\"col-inner\"  >\n\t\t\t\n\t\t\t\n\t<div class=\"img has-hover x md-x lg-x y md-y lg-y\" id=\"image_234127312\">\n\t\t\t\t\t\t\t\t<div class=\"img-inner dark\" >\n\t\t\t<img width=\"400\" height=\"400\" src=\"https:\/\/bakistarim.com\/wp-content\/uploads\/2023\/06\/Osmancik-Pirinc.jpg\" class=\"attachment-large size-large\" alt=\"\" decoding=\"async\" loading=\"lazy\" srcset=\"https:\/\/bakistarim.com\/wp-content\/uploads\/2023\/06\/Osmancik-Pirinc.jpg 400w, https:\/\/bakistarim.com\/wp-content\/uploads\/2023\/06\/Osmancik-Pirinc-280x280.jpg 280w\" sizes=\"(max-width: 400px) 100vw, 400px\" \/>\t\t\t\t\t\t\n\t\t\t\t\t<\/div>\n\t\t\t\t\t\t\t\t\n<style>\n#image_234127312 {\n  width: 100%;\n}\n<\/style>\n\t<\/div>\n\t\n<p style=\"text-align: center;\">\u0623\u0631\u0632 \u0639\u062b\u0645\u0627\u0646\u062c\u064a\u0643<\/p>\n\t\t<\/div>\n\t\t\t\t\t<\/div>\n\n\t\n\n\t<div id=\"col-641446288\" class=\"col medium-4 small-12 large-4\"  >\n\t\t\t\t<div class=\"col-inner\"  >\n\t\t\t\n\t\t\t\n\t<div class=\"img has-hover x md-x lg-x y md-y lg-y\" id=\"image_783247381\">\n\t\t\t\t\t\t\t\t<div class=\"img-inner dark\" >\n\t\t\t<img width=\"400\" height=\"400\" src=\"https:\/\/bakistarim.com\/wp-content\/uploads\/2023\/06\/Pirinc-Basmati.jpg\" class=\"attachment-large size-large\" alt=\"\" decoding=\"async\" loading=\"lazy\" srcset=\"https:\/\/bakistarim.com\/wp-content\/uploads\/2023\/06\/Pirinc-Basmati.jpg 400w, https:\/\/bakistarim.com\/wp-content\/uploads\/2023\/06\/Pirinc-Basmati-280x280.jpg 280w\" sizes=\"(max-width: 400px) 100vw, 400px\" \/>\t\t\t\t\t\t\n\t\t\t\t\t<\/div>\n\t\t\t\t\t\t\t\t\n<style>\n#image_783247381 {\n  width: 100%;\n}\n<\/style>\n\t<\/div>\n\t\n<p style=\"text-align: center;\">\u0623\u0631\u0632 \u0628\u0633\u0645\u062a\u064a<\/p>\n\t\t<\/div>\n\t\t\t\t\t<\/div>\n\n\t\n\n\t<div id=\"col-366258714\" class=\"col medium-4 small-12 large-4\"  >\n\t\t\t\t<div class=\"col-inner\"  >\n\t\t\t\n\t\t\t\n\t<div class=\"img has-hover x md-x lg-x y md-y lg-y\" id=\"image_1126858720\">\n\t\t\t\t\t\t\t\t<div class=\"img-inner dark\" >\n\t\t\t<img width=\"400\" height=\"400\" src=\"https:\/\/bakistarim.com\/wp-content\/uploads\/2023\/06\/Barbunya.jpg\" class=\"attachment-large size-large\" alt=\"\" decoding=\"async\" loading=\"lazy\" srcset=\"https:\/\/bakistarim.com\/wp-content\/uploads\/2023\/06\/Barbunya.jpg 400w, https:\/\/bakistarim.com\/wp-content\/uploads\/2023\/06\/Barbunya-280x280.jpg 280w\" sizes=\"(max-width: 400px) 100vw, 400px\" \/>\t\t\t\t\t\t\n\t\t\t\t\t<\/div>\n\t\t\t\t\t\t\t\t\n<style>\n#image_1126858720 {\n  width: 100%;\n}\n<\/style>\n\t<\/div>\n\t\n<p style=\"text-align: center;\">\u0627\u0644\u0628\u0627\u0631\u0628\u0648\u0646\u064a\u0627<\/p>\n\t\t<\/div>\n\t\t\t\t\t<\/div>\n\n\t\n\n\t<div id=\"col-2042387535\" class=\"col medium-4 small-12 large-4\"  >\n\t\t\t\t<div class=\"col-inner\"  >\n\t\t\t\n\t\t\t\n\t\t<\/div>\n\t\t\t\t\t<\/div>\n\n\t\n\n\t<div id=\"col-1063238172\" class=\"col medium-4 small-12 large-4\"  >\n\t\t\t\t<div class=\"col-inner\"  >\n\t\t\t\n\t\t\t\n\t<div class=\"img has-hover x md-x lg-x y md-y lg-y\" id=\"image_862281188\">\n\t\t\t\t\t\t\t\t<div class=\"img-inner dark\" >\n\t\t\t<img width=\"400\" height=\"400\" src=\"https:\/\/bakistarim.com\/wp-content\/uploads\/2023\/06\/Popcorn-Misir.jpg\" class=\"attachment-large size-large\" alt=\"\" decoding=\"async\" loading=\"lazy\" srcset=\"https:\/\/bakistarim.com\/wp-content\/uploads\/2023\/06\/Popcorn-Misir.jpg 400w, https:\/\/bakistarim.com\/wp-content\/uploads\/2023\/06\/Popcorn-Misir-280x280.jpg 280w\" sizes=\"(max-width: 400px) 100vw, 400px\" \/>\t\t\t\t\t\t\n\t\t\t\t\t<\/div>\n\t\t\t\t\t\t\t\t\n<style>\n#image_862281188 {\n  width: 100%;\n}\n<\/style>\n\t<\/div>\n\t\n<p style=\"text-align: center;\">\u0630\u0631\u0629<\/p>\n\t\t<\/div>\n\t\t\t\t\t<\/div>\n\n\t\n\n\t<div id=\"col-286524346\" class=\"col medium-4 small-12 large-4\"  >\n\t\t\t\t<div class=\"col-inner\"  >\n\t\t\t\n\t\t\t\n\t\t<\/div>\n\t\t\t\t\t<\/div>\n\n\t\n<\/div>\n<div class=\"row\"  id=\"row-110783070\">\n\n\t<div id=\"col-4591252\" class=\"col small-12 large-12\"  >\n\t\t\t\t<div class=\"col-inner\"  >\n\t\t\t\n\t\t\t\n\t\t<\/div>\n\t\t\t\t\t<\/div>\n\n\t\n<\/div>\n<div class=\"row\"  id=\"row-1432640591\">\n\n\t<div id=\"col-1871633665\" class=\"col medium-4 small-12 large-4\"  >\n\t\t\t\t<div class=\"col-inner\"  >\n\t\t\t\n\t\t\t\n\t\t<\/div>\n\t\t\t\t\t<\/div>\n\n\t\n\n\t<div id=\"col-610247405\" class=\"col medium-4 small-12 large-4\"  >\n\t\t\t\t<div class=\"col-inner text-center\"  >\n\t\t\t\n\t\t\t\n<a href=\"https:\/\/www.bakistarim.com\/iletisim\" target=\"_self\" class=\"button secondary is-large box-shadow-2 box-shadow-5-hover expand\"  style=\"border-radius:20px;\">\n  <i class=\"icon-user\" aria-hidden=\"true\" ><\/i>  <span>\u0627\u062a\u0635\u0627\u0644<\/span>\n  <\/a>\n\n\t\t<\/div>\n\t\t\t\t\t<\/div>\n\n\t\n\n\t<div id=\"col-1140093884\" class=\"col medium-4 small-12 large-4\"  >\n\t\t\t\t<div class=\"col-inner\"  >\n\t\t\t\n\t\t\t\n\t\t<\/div>\n\t\t\t\t\t<\/div>\n\n\t\n<\/div>\n\t\t<\/div>\n\t\t\t\t\t<\/div>\n\n\t\n<\/div>\n\t\t<\/div>\n\n\t\t\n<style>\n#section_1133223367 {\n  padding-top: 0px;\n  padding-bottom: 0px;\n  background-color: rgb(208, 208, 208);\n}\n#section_1133223367 .section-bg-overlay {\n  background-color: rgba(255, 255, 255, 0.85);\n}\n<\/style>\n\t<\/section>\n\t\n","protected":false},"excerpt":{"rendered":"","protected":false},"author":1,"featured_media":0,"parent":0,"menu_order":0,"comment_status":"closed","ping_status":"closed","template":"page-transparent-header-light.php","meta":[],"_links":{"self":[{"href":"https:\/\/bakistarim.com\/ar\/wp-json\/wp\/v2\/pages\/2085"}],"collection":[{"href":"https:\/\/bakistarim.com\/ar\/wp-json\/wp\/v2\/pages"}],"about":[{"href":"https:\/\/bakistarim.com\/ar\/wp-json\/wp\/v2\/types\/page"}],"author":[{"embeddable":true,"href":"https:\/\/bakistarim.com\/ar\/wp-json\/wp\/v2\/users\/1"}],"replies":[{"embeddable":true,"href":"https:\/\/bakistarim.com\/ar\/wp-json\/wp\/v2\/comments?post=2085"}],"version-history":[{"count":2,"href":"https:\/\/bakistarim.com\/ar\/wp-json\/wp\/v2\/pages\/2085\/revisions"}],"predecessor-version":[{"id":2088,"href":"https:\/\/bakistarim.com\/ar\/wp-json\/wp\/v2\/pages\/2085\/revisions\/2088"}],"wp:attachment":[{"href":"https:\/\/bakistarim.com\/ar\/wp-json\/wp\/v2\/media?parent=2085"}],"curies":[{"name":"wp","href":"https:\/\/api.w.org\/{rel}","templated":true}]}}