{"id":2106,"date":"2023-06-16T20:29:02","date_gmt":"2023-06-16T20:29:02","guid":{"rendered":"https:\/\/bakistarim.com\/%d8%a3%d8%b7%d8%b9%d9%85%d8%a9-%d8%a7%d9%84%d8%b7%d9%8a%d9%88%d8%b1\/"},"modified":"2023-07-07T12:12:28","modified_gmt":"2023-07-07T12:12:28","slug":"%d8%a3%d8%b7%d8%b9%d9%85%d8%a9-%d8%a7%d9%84%d8%b7%d9%8a%d9%88%d8%b1","status":"publish","type":"page","link":"https:\/\/bakistarim.com\/ar\/%d8%a3%d8%b7%d8%b9%d9%85%d8%a9-%d8%a7%d9%84%d8%b7%d9%8a%d9%88%d8%b1\/","title":{"rendered":"\u0623\u0637\u0639\u0645\u0629 \u0627\u0644\u0637\u064a\u0648\u0631"},"content":{"rendered":"\n  <div class=\"banner has-hover has-parallax\" id=\"banner-510792928\">\n          <div class=\"banner-inner fill\">\n        <div class=\"banner-bg fill\" data-parallax=\"-3\" data-parallax-container=\".banner\" data-parallax-background>\n            <div class=\"bg fill bg-fill \"><\/div>\n                                    \n                    <\/div>\n\t\t\n        <div class=\"banner-layers container\">\n            <div class=\"fill banner-link\"><\/div>            \n   <div id=\"text-box-755160008\" class=\"text-box banner-layer x50 md-x50 lg-x50 y50 md-y50 lg-y50 res-text\">\n                                <div class=\"text-box-content text dark\">\n              \n              <div class=\"text-inner text-center\">\n                  \n<h1 class=\"lead\">\u0623\u0637\u0639\u0645\u0629 \u0627\u0644\u0637\u064a\u0648\u0631<\/h1>\n<p class=\"lead\">\u0645\u0631\u062d\u0628\u064b\u0627 \u0628\u0643\u0645 \u0641\u064a Bak\u0131\u015f Tar\u0131m! \u064a\u0633\u0639\u062f\u0646\u0627 \u062c\u062f\u064b\u0627 \u0623\u0646 \u0646\u0642\u062f\u0645 \u0645\u0646\u062a\u062c\u0627\u062a \u0637\u0639\u0627\u0645 \u0627\u0644\u0637\u064a\u0648\u0631 \u0639\u0627\u0644\u064a\u0629 \u0627\u0644\u062c\u0648\u062f\u0629 \u0644\u0643\u0645 \u0639\u0645\u0644\u0627\u0626\u0646\u0627 \u0627\u0644\u0643\u0631\u0627\u0645. \u0628\u0635\u0641\u062a\u0646\u0627 \u0634\u0631\u0643\u0629 \u0631\u0627\u0626\u062f\u0629 \u0641\u064a \u0645\u0628\u064a\u0639\u0627\u062a \u0623\u0639\u0644\u0627\u0641 \u0627\u0644\u0637\u064a\u0648\u0631\u060c \u0641\u0646\u062d\u0646 \u062f\u0627\u0626\u0645\u0627 \u0628\u062c\u0627\u0646\u0628\u0643\u060c \u0648\u0646\u0642\u062f\u0645 \u0644\u0643\u0645 \u0645\u0646\u062a\u062c\u0627\u062a \u0644\u064a\u0633\u062a \u0645\u063a\u0630\u064a\u0629 \u0641\u062d\u0633\u0628\u060c \u0628\u0644 \u0627\u0642\u062a\u0635\u0627\u062f\u064a\u0629 \u0623\u064a\u0636\u0627.<\/p>\n              <\/div>\n           <\/div>\n                            \n<style>\n#text-box-755160008 {\n  width: 60%;\n}\n#text-box-755160008 .text-box-content {\n  font-size: 100%;\n}\n<\/style>\n    <\/div>\n \n        <\/div>\n      <\/div>\n\n            \n<style>\n#banner-510792928 {\n  padding-top: 507px;\n}\n#banner-510792928 .bg.bg-loaded {\n  background-image: url(https:\/\/bakistarim.com\/wp-content\/uploads\/2023\/06\/Kusyemibg.jpg);\n}\n<\/style>\n  <\/div>\n\n\n\t<section class=\"section\" id=\"section_93740654\">\n\t\t<div class=\"bg section-bg fill bg-fill  bg-loaded\" >\n\n\t\t\t\n\t\t\t<div class=\"section-bg-overlay absolute fill\"><\/div>\n\t\t\t\n\n\t\t<\/div>\n\n\t\t\n\n\t\t<div class=\"section-content relative\">\n\t\t\t\n<div class=\"row row-collapse align-center\"  id=\"row-1019122559\">\n\n\t<div id=\"col-1136323109\" class=\"col medium-6 small-12 large-6\"  >\n\t\t\t\t<div class=\"col-inner text-center\"  >\n\t\t\t\n\t\t\t\n\t<div class=\"img has-hover x md-x lg-x y md-y lg-y\" id=\"image_1003039952\">\n\t\t\t\t\t\t\t\t<div class=\"img-inner dark\" >\n\t\t\t<img width=\"256\" height=\"256\" src=\"https:\/\/bakistarim.com\/wp-content\/uploads\/2023\/06\/bird-eating-seeds.png\" class=\"attachment-thumbnail size-thumbnail\" alt=\"\" decoding=\"async\" loading=\"lazy\" \/>\t\t\t\t\t\t\n\t\t\t\t\t<\/div>\n\t\t\t\t\t\t\t\t\n<style>\n#image_1003039952 {\n  width: 20%;\n}\n<\/style>\n\t<\/div>\n\t\n<div class=\"is-divider divider clearfix\" ><\/div>\n<h2 style=\"text-align: center;\">\u0645\u0646\u062a\u062c\u0627\u062a \u0637\u0639\u0627\u0645 \u0627\u0644\u0637\u064a\u0648\u0631<\/h2>\n\t\t<\/div>\n\t\t\t\t\n<style>\n#col-1136323109 > .col-inner {\n  padding: 50px 0px 50px 0px;\n}\n<\/style>\n\t<\/div>\n\n\t\n\n\t<div id=\"col-969476303\" class=\"col large-12\"  >\n\t\t\t\t<div class=\"col-inner\"  >\n\t\t\t\n\t\t\t\n<div class=\"row\"  id=\"row-790498545\">\n\n\t<div id=\"col-1363035341\" class=\"col medium-4 small-12 large-4\"  >\n\t\t\t\t<div class=\"col-inner\"  >\n\t\t\t\n\t\t\t\n\t<div class=\"img has-hover x md-x lg-x y md-y lg-y\" id=\"image_1570829085\">\n\t\t\t\t\t\t\t\t<div class=\"img-inner dark\" >\n\t\t\t<img width=\"400\" height=\"400\" src=\"https:\/\/bakistarim.com\/wp-content\/uploads\/2023\/06\/soyulmus-yulaf-1.jpg\" class=\"attachment-large size-large\" alt=\"\" decoding=\"async\" loading=\"lazy\" srcset=\"https:\/\/bakistarim.com\/wp-content\/uploads\/2023\/06\/soyulmus-yulaf-1.jpg 400w, https:\/\/bakistarim.com\/wp-content\/uploads\/2023\/06\/soyulmus-yulaf-1-280x280.jpg 280w\" sizes=\"(max-width: 400px) 100vw, 400px\" \/>\t\t\t\t\t\t\n\t\t\t\t\t<\/div>\n\t\t\t\t\t\t\t\t\n<style>\n#image_1570829085 {\n  width: 100%;\n}\n<\/style>\n\t<\/div>\n\t\n<p style=\"text-align: center;\">\u0634\u0648\u0641\u0627\u0646 \u0645\u0642\u0634\u0631<\/p>\n\t\t<\/div>\n\t\t\t\t\t<\/div>\n\n\t\n\n\t<div id=\"col-1202760302\" class=\"col medium-4 small-12 large-4\"  >\n\t\t\t\t<div class=\"col-inner\"  >\n\t\t\t\n\t\t\t\n\t<div class=\"img has-hover x md-x lg-x y md-y lg-y\" id=\"image_795513122\">\n\t\t\t\t\t\t\t\t<div class=\"img-inner dark\" >\n\t\t\t<img width=\"400\" height=\"400\" src=\"https:\/\/bakistarim.com\/wp-content\/uploads\/2023\/06\/guvercin-karisik.jpg\" class=\"attachment-large size-large\" alt=\"\" decoding=\"async\" loading=\"lazy\" srcset=\"https:\/\/bakistarim.com\/wp-content\/uploads\/2023\/06\/guvercin-karisik.jpg 400w, https:\/\/bakistarim.com\/wp-content\/uploads\/2023\/06\/guvercin-karisik-280x280.jpg 280w\" sizes=\"(max-width: 400px) 100vw, 400px\" \/>\t\t\t\t\t\t\n\t\t\t\t\t<\/div>\n\t\t\t\t\t\t\t\t\n<style>\n#image_795513122 {\n  width: 100%;\n}\n<\/style>\n\t<\/div>\n\t\n<p style=\"text-align: center;\">\u0637\u0639\u0627\u0645 \u062e\u0644\u064a\u0637 \u0644\u0644\u062d\u0645\u0627\u0645 \u0645\u0646 \u0627\u0644\u062f\u0631\u062c\u0629 \u0627\u0644\u0623\u0648\u0644\u0649<\/p>\n\t\t<\/div>\n\t\t\t\t\t<\/div>\n\n\t\n\n\t<div id=\"col-279785723\" class=\"col medium-4 small-12 large-4\"  >\n\t\t\t\t<div class=\"col-inner\"  >\n\t\t\t\n\t\t\t\n\t<div class=\"img has-hover x md-x lg-x y md-y lg-y\" id=\"image_579609055\">\n\t\t\t\t\t\t\t\t<div class=\"img-inner dark\" >\n\t\t\t<img width=\"400\" height=\"400\" src=\"https:\/\/bakistarim.com\/wp-content\/uploads\/2023\/06\/guvercin-eko.jpg\" class=\"attachment-large size-large\" alt=\"\" decoding=\"async\" loading=\"lazy\" srcset=\"https:\/\/bakistarim.com\/wp-content\/uploads\/2023\/06\/guvercin-eko.jpg 400w, https:\/\/bakistarim.com\/wp-content\/uploads\/2023\/06\/guvercin-eko-280x280.jpg 280w\" sizes=\"(max-width: 400px) 100vw, 400px\" \/>\t\t\t\t\t\t\n\t\t\t\t\t<\/div>\n\t\t\t\t\t\t\t\t\n<style>\n#image_579609055 {\n  width: 100%;\n}\n<\/style>\n\t<\/div>\n\t\n<p style=\"text-align: center;\">\u0637\u0639\u0627\u0645 \u062d\u0645\u0627\u0645 \u0627\u0642\u062a\u0635\u0627\u062f\u064a<\/p>\n\t\t<\/div>\n\t\t\t\t\t<\/div>\n\n\t\n<\/div>\n\t\t<\/div>\n\t\t\t\t\t<\/div>\n\n\t\n<\/div>\n<div class=\"row row-collapse align-center\"  id=\"row-555934095\">\n\n\t<div id=\"col-1140800523\" class=\"col large-12\"  >\n\t\t\t\t<div class=\"col-inner\"  >\n\t\t\t\n\t\t\t\n<div class=\"row\"  id=\"row-797773265\">\n\n\t<div id=\"col-1806946483\" class=\"col medium-4 small-12 large-4\"  >\n\t\t\t\t<div class=\"col-inner\"  >\n\t\t\t\n\t\t\t\n\t<div class=\"img has-hover x md-x lg-x y md-y lg-y\" id=\"image_1777875633\">\n\t\t\t\t\t\t\t\t<div class=\"img-inner dark\" >\n\t\t\t<img width=\"400\" height=\"400\" src=\"https:\/\/bakistarim.com\/wp-content\/uploads\/2023\/06\/kanarya-sade-1.jpg\" class=\"attachment-large size-large\" alt=\"\" decoding=\"async\" loading=\"lazy\" srcset=\"https:\/\/bakistarim.com\/wp-content\/uploads\/2023\/06\/kanarya-sade-1.jpg 400w, https:\/\/bakistarim.com\/wp-content\/uploads\/2023\/06\/kanarya-sade-1-280x280.jpg 280w\" sizes=\"(max-width: 400px) 100vw, 400px\" \/>\t\t\t\t\t\t\n\t\t\t\t\t<\/div>\n\t\t\t\t\t\t\t\t\n<style>\n#image_1777875633 {\n  width: 100%;\n}\n<\/style>\n\t<\/div>\n\t\n<p style=\"text-align: center;\">\u0637\u0639\u0627\u0645 \u0643\u0646\u0627\u0631\u064a \u0633\u0627\u062f\u0629<\/p>\n\t\t<\/div>\n\t\t\t\t\t<\/div>\n\n\t\n\n\t<div id=\"col-2110100499\" class=\"col medium-4 small-12 large-4\"  >\n\t\t\t\t<div class=\"col-inner\"  >\n\t\t\t\n\t\t\t\n\t<div class=\"img has-hover x md-x lg-x y md-y lg-y\" id=\"image_1163068096\">\n\t\t\t\t\t\t\t\t<div class=\"img-inner dark\" >\n\t\t\t<img width=\"400\" height=\"400\" src=\"https:\/\/bakistarim.com\/wp-content\/uploads\/2023\/06\/muhabbet-karisik-1.jpg\" class=\"attachment-large size-large\" alt=\"\" decoding=\"async\" loading=\"lazy\" srcset=\"https:\/\/bakistarim.com\/wp-content\/uploads\/2023\/06\/muhabbet-karisik-1.jpg 400w, https:\/\/bakistarim.com\/wp-content\/uploads\/2023\/06\/muhabbet-karisik-1-280x280.jpg 280w\" sizes=\"(max-width: 400px) 100vw, 400px\" \/>\t\t\t\t\t\t\n\t\t\t\t\t<\/div>\n\t\t\t\t\t\t\t\t\n<style>\n#image_1163068096 {\n  width: 100%;\n}\n<\/style>\n\t<\/div>\n\t\n<p style=\"text-align: center;\">\u0637\u0639\u0627\u0645 \u062e\u0644\u064a\u0637 \u0644\u0644\u0628\u0628\u063a\u0627\u0621<\/p>\n\t\t<\/div>\n\t\t\t\t\t<\/div>\n\n\t\n\n\t<div id=\"col-1869099379\" class=\"col medium-4 small-12 large-4\"  >\n\t\t\t\t<div class=\"col-inner\"  >\n\t\t\t\n\t\t\t\n\t<div class=\"img has-hover x md-x lg-x y md-y lg-y\" id=\"image_106577457\">\n\t\t\t\t\t\t\t\t<div class=\"img-inner dark\" >\n\t\t\t<img width=\"400\" height=\"400\" src=\"https:\/\/bakistarim.com\/wp-content\/uploads\/2023\/06\/beyaz-dari-1.jpg\" class=\"attachment-large size-large\" alt=\"\" decoding=\"async\" loading=\"lazy\" srcset=\"https:\/\/bakistarim.com\/wp-content\/uploads\/2023\/06\/beyaz-dari-1.jpg 400w, https:\/\/bakistarim.com\/wp-content\/uploads\/2023\/06\/beyaz-dari-1-280x280.jpg 280w\" sizes=\"(max-width: 400px) 100vw, 400px\" \/>\t\t\t\t\t\t\n\t\t\t\t\t<\/div>\n\t\t\t\t\t\t\t\t\n<style>\n#image_106577457 {\n  width: 100%;\n}\n<\/style>\n\t<\/div>\n\t\n<p style=\"text-align: center;\">\u062f\u062e\u0646 \u0623\u0628\u064a\u0636<\/p>\n\t\t<\/div>\n\t\t\t\t\t<\/div>\n\n\t\n\n\t<div id=\"col-1522263450\" class=\"col medium-4 small-12 large-4\"  >\n\t\t\t\t<div class=\"col-inner\"  >\n\t\t\t\n\t\t\t\n\t<div class=\"img has-hover x md-x lg-x y md-y lg-y\" id=\"image_2045399375\">\n\t\t\t\t\t\t\t\t<div class=\"img-inner dark\" >\n\t\t\t<img width=\"400\" height=\"400\" src=\"https:\/\/bakistarim.com\/wp-content\/uploads\/2023\/06\/dari-kirmizi-1.jpg\" class=\"attachment-large size-large\" alt=\"\" decoding=\"async\" loading=\"lazy\" srcset=\"https:\/\/bakistarim.com\/wp-content\/uploads\/2023\/06\/dari-kirmizi-1.jpg 400w, https:\/\/bakistarim.com\/wp-content\/uploads\/2023\/06\/dari-kirmizi-1-280x280.jpg 280w\" sizes=\"(max-width: 400px) 100vw, 400px\" \/>\t\t\t\t\t\t\n\t\t\t\t\t<\/div>\n\t\t\t\t\t\t\t\t\n<style>\n#image_2045399375 {\n  width: 100%;\n}\n<\/style>\n\t<\/div>\n\t\n<p style=\"text-align: center;\">\u062f\u062e\u0646 \u0623\u062d\u0645\u0631<\/p>\n\t\t<\/div>\n\t\t\t\t\t<\/div>\n\n\t\n\n\t<div id=\"col-1045685617\" class=\"col medium-4 small-12 large-4\"  >\n\t\t\t\t<div class=\"col-inner\"  >\n\t\t\t\n\t\t\t\n\t<div class=\"img has-hover x md-x lg-x y md-y lg-y\" id=\"image_94292726\">\n\t\t\t\t\t\t\t\t<div class=\"img-inner dark\" >\n\t\t\t<img width=\"400\" height=\"400\" src=\"https:\/\/bakistarim.com\/wp-content\/uploads\/2023\/06\/dari-sari-1.jpg\" class=\"attachment-large size-large\" alt=\"\" decoding=\"async\" loading=\"lazy\" srcset=\"https:\/\/bakistarim.com\/wp-content\/uploads\/2023\/06\/dari-sari-1.jpg 400w, https:\/\/bakistarim.com\/wp-content\/uploads\/2023\/06\/dari-sari-1-280x280.jpg 280w\" sizes=\"(max-width: 400px) 100vw, 400px\" \/>\t\t\t\t\t\t\n\t\t\t\t\t<\/div>\n\t\t\t\t\t\t\t\t\n<style>\n#image_94292726 {\n  width: 100%;\n}\n<\/style>\n\t<\/div>\n\t\n<p style=\"text-align: center;\">\u062f\u062e\u0646 \u0623\u0635\u0641\u0631<\/p>\n\t\t<\/div>\n\t\t\t\t\t<\/div>\n\n\t\n\n\t<div id=\"col-666717137\" class=\"col medium-4 small-12 large-4\"  >\n\t\t\t\t<div class=\"col-inner\"  >\n\t\t\t\n\t\t\t\n\t<div class=\"img has-hover x md-x lg-x y md-y lg-y\" id=\"image_1933956025\">\n\t\t\t\t\t\t\t\t<div class=\"img-inner dark\" >\n\t\t\t<img width=\"400\" height=\"400\" src=\"https:\/\/bakistarim.com\/wp-content\/uploads\/2023\/06\/siyah-dari.jpg\" class=\"attachment-large size-large\" alt=\"\" decoding=\"async\" loading=\"lazy\" srcset=\"https:\/\/bakistarim.com\/wp-content\/uploads\/2023\/06\/siyah-dari.jpg 400w, https:\/\/bakistarim.com\/wp-content\/uploads\/2023\/06\/siyah-dari-280x280.jpg 280w\" sizes=\"(max-width: 400px) 100vw, 400px\" \/>\t\t\t\t\t\t\n\t\t\t\t\t<\/div>\n\t\t\t\t\t\t\t\t\n<style>\n#image_1933956025 {\n  width: 100%;\n}\n<\/style>\n\t<\/div>\n\t\n<p style=\"text-align: center;\">\u062f\u062e\u0646 \u0623\u0633\u0648\u062f<\/p>\n\t\t<\/div>\n\t\t\t\t\t<\/div>\n\n\t\n\n\t<div id=\"col-352920913\" class=\"col medium-4 small-12 large-4\"  >\n\t\t\t\t<div class=\"col-inner\"  >\n\t\t\t\n\t\t\t\n\t<div class=\"img has-hover x md-x lg-x y md-y lg-y\" id=\"image_626592252\">\n\t\t\t\t\t\t\t\t<div class=\"img-inner dark\" >\n\t\t\t<img width=\"400\" height=\"400\" src=\"https:\/\/bakistarim.com\/wp-content\/uploads\/2023\/06\/Nijer-Tohumu.jpg\" class=\"attachment-large size-large\" alt=\"\" decoding=\"async\" loading=\"lazy\" srcset=\"https:\/\/bakistarim.com\/wp-content\/uploads\/2023\/06\/Nijer-Tohumu.jpg 400w, https:\/\/bakistarim.com\/wp-content\/uploads\/2023\/06\/Nijer-Tohumu-280x280.jpg 280w\" sizes=\"(max-width: 400px) 100vw, 400px\" \/>\t\t\t\t\t\t\n\t\t\t\t\t<\/div>\n\t\t\t\t\t\t\t\t\n<style>\n#image_626592252 {\n  width: 100%;\n}\n<\/style>\n\t<\/div>\n\t\n<p style=\"text-align: center;\">\u0628\u0630\u0648\u0631 \u0627\u0644\u0646\u064a\u062c\u0631<\/p>\n\t\t<\/div>\n\t\t\t\t\t<\/div>\n\n\t\n\n\t<div id=\"col-1378467052\" class=\"col medium-4 small-12 large-4\"  >\n\t\t\t\t<div class=\"col-inner\"  >\n\t\t\t\n\t\t\t\n\t<div class=\"img has-hover x md-x lg-x y md-y lg-y\" id=\"image_1773972663\">\n\t\t\t\t\t\t\t\t<div class=\"img-inner dark\" >\n\t\t\t<img width=\"400\" height=\"400\" src=\"https:\/\/bakistarim.com\/wp-content\/uploads\/2023\/06\/Keten-Tohumu-1.jpg\" class=\"attachment-large size-large\" alt=\"\" decoding=\"async\" loading=\"lazy\" srcset=\"https:\/\/bakistarim.com\/wp-content\/uploads\/2023\/06\/Keten-Tohumu-1.jpg 400w, https:\/\/bakistarim.com\/wp-content\/uploads\/2023\/06\/Keten-Tohumu-1-280x280.jpg 280w\" sizes=\"(max-width: 400px) 100vw, 400px\" \/>\t\t\t\t\t\t\n\t\t\t\t\t<\/div>\n\t\t\t\t\t\t\t\t\n<style>\n#image_1773972663 {\n  width: 100%;\n}\n<\/style>\n\t<\/div>\n\t\n<p style=\"text-align: center;\">\u0628\u0630\u0648\u0631 \u0627\u0644\u0643\u062a\u0627\u0646<\/p>\n\t\t<\/div>\n\t\t\t\t\t<\/div>\n\n\t\n\n\t<div id=\"col-1096190119\" class=\"col medium-4 small-12 large-4\"  >\n\t\t\t\t<div class=\"col-inner\"  >\n\t\t\t\n\t\t\t\n\t<div class=\"img has-hover x md-x lg-x y md-y lg-y\" id=\"image_647079338\">\n\t\t\t\t\t\t\t\t<div class=\"img-inner dark\" >\n\t\t\t<img width=\"400\" height=\"400\" src=\"https:\/\/bakistarim.com\/wp-content\/uploads\/2023\/06\/sorgun-kirmizi.jpg\" class=\"attachment-large size-large\" alt=\"\" decoding=\"async\" loading=\"lazy\" srcset=\"https:\/\/bakistarim.com\/wp-content\/uploads\/2023\/06\/sorgun-kirmizi.jpg 400w, https:\/\/bakistarim.com\/wp-content\/uploads\/2023\/06\/sorgun-kirmizi-280x280.jpg 280w\" sizes=\"(max-width: 400px) 100vw, 400px\" \/>\t\t\t\t\t\t\n\t\t\t\t\t<\/div>\n\t\t\t\t\t\t\t\t\n<style>\n#image_647079338 {\n  width: 100%;\n}\n<\/style>\n\t<\/div>\n\t\n<p style=\"text-align: center;\">\u0630\u0631\u0629 \u0631\u0641\u064a\u0639\u0629 \u062d\u0645\u0631\u0627\u0621<\/p>\n\t\t<\/div>\n\t\t\t\t\t<\/div>\n\n\t\n\n\t<div id=\"col-1230304107\" class=\"col medium-4 small-12 large-4\"  >\n\t\t\t\t<div class=\"col-inner\"  >\n\t\t\t\n\t\t\t\n\t\t<\/div>\n\t\t\t\t\t<\/div>\n\n\t\n\n\t<div id=\"col-857838492\" class=\"col medium-4 small-12 large-4\"  >\n\t\t\t\t<div class=\"col-inner\"  >\n\t\t\t\n\t\t\t\n\t<div class=\"img has-hover x md-x lg-x y md-y lg-y\" id=\"image_1488320412\">\n\t\t\t\t\t\t\t\t<div class=\"img-inner dark\" >\n\t\t\t<img width=\"400\" height=\"400\" src=\"https:\/\/bakistarim.com\/wp-content\/uploads\/2023\/06\/Sorgun-Beyaz.jpg\" class=\"attachment-large size-large\" alt=\"\" decoding=\"async\" loading=\"lazy\" srcset=\"https:\/\/bakistarim.com\/wp-content\/uploads\/2023\/06\/Sorgun-Beyaz.jpg 400w, https:\/\/bakistarim.com\/wp-content\/uploads\/2023\/06\/Sorgun-Beyaz-280x280.jpg 280w\" sizes=\"(max-width: 400px) 100vw, 400px\" \/>\t\t\t\t\t\t\n\t\t\t\t\t<\/div>\n\t\t\t\t\t\t\t\t\n<style>\n#image_1488320412 {\n  width: 100%;\n}\n<\/style>\n\t<\/div>\n\t\n<p style=\"text-align: center;\">\u0630\u0631\u0629 \u0631\u0641\u064a\u0639\u0629 \u0628\u064a\u0636\u0627\u0621<\/p>\n\t\t<\/div>\n\t\t\t\t\t<\/div>\n\n\t\n\n\t<div id=\"col-416589781\" class=\"col medium-4 small-12 large-4\"  >\n\t\t\t\t<div class=\"col-inner\"  >\n\t\t\t\n\t\t\t\n\t\t<\/div>\n\t\t\t\t\t<\/div>\n\n\t\n<\/div>\n<div class=\"row row-collapse align-center\"  id=\"row-1802003307\">\n\n\t<div id=\"col-733678317\" class=\"col medium-6 small-12 large-6\"  >\n\t\t\t\t<div class=\"col-inner text-center\"  >\n\t\t\t\n\t\t\t\n<h2 style=\"text-align: center;\">\u0623\u0646\u0648\u0627\u0639 \u0627\u0644\u0628\u0630\u0648\u0631<\/h2>\n\t\t<\/div>\n\t\t\t\t\n<style>\n#col-733678317 > .col-inner {\n  padding: 50px 0px 50px 0px;\n}\n<\/style>\n\t<\/div>\n\n\t\n\n\t<div id=\"col-1542091837\" class=\"col large-12\"  >\n\t\t\t\t<div class=\"col-inner\"  >\n\t\t\t\n\t\t\t\n<div class=\"row align-center\"  id=\"row-714553999\">\n\n\t<div id=\"col-506630991\" class=\"col medium-4 small-12 large-4\"  >\n\t\t\t\t<div class=\"col-inner\"  >\n\t\t\t\n\t\t\t\n\t<div class=\"img has-hover x md-x lg-x y md-y lg-y\" id=\"image_29490175\">\n\t\t\t\t\t\t\t\t<div class=\"img-inner dark\" >\n\t\t\t<img width=\"400\" height=\"400\" src=\"https:\/\/bakistarim.com\/wp-content\/uploads\/2023\/06\/Cekirdek-Alaca-1.jpg\" class=\"attachment-large size-large\" alt=\"\" decoding=\"async\" loading=\"lazy\" srcset=\"https:\/\/bakistarim.com\/wp-content\/uploads\/2023\/06\/Cekirdek-Alaca-1.jpg 400w, https:\/\/bakistarim.com\/wp-content\/uploads\/2023\/06\/Cekirdek-Alaca-1-280x280.jpg 280w\" sizes=\"(max-width: 400px) 100vw, 400px\" \/>\t\t\t\t\t\t\n\t\t\t\t\t<\/div>\n\t\t\t\t\t\t\t\t\n<style>\n#image_29490175 {\n  width: 100%;\n}\n<\/style>\n\t<\/div>\n\t\n<p style=\"text-align: center;\">\u0628\u0630\u0648\u0631 \u0639\u0628\u0627\u062f \u0627\u0644\u0634\u0645\u0633 \u0623\u0644\u0627\u062c\u0627<\/p>\n\t\t<\/div>\n\t\t\t\t\t<\/div>\n\n\t\n\n\t<div id=\"col-1962011403\" class=\"col medium-4 small-12 large-4\"  >\n\t\t\t\t<div class=\"col-inner\"  >\n\t\t\t\n\t\t\t\n\t<div class=\"img has-hover x md-x lg-x y md-y lg-y\" id=\"image_115117580\">\n\t\t\t\t\t\t\t\t<div class=\"img-inner dark\" >\n\t\t\t<img width=\"400\" height=\"400\" src=\"https:\/\/bakistarim.com\/wp-content\/uploads\/2023\/06\/Cekirdek-Siyah.jpg\" class=\"attachment-large size-large\" alt=\"\" decoding=\"async\" loading=\"lazy\" srcset=\"https:\/\/bakistarim.com\/wp-content\/uploads\/2023\/06\/Cekirdek-Siyah.jpg 400w, https:\/\/bakistarim.com\/wp-content\/uploads\/2023\/06\/Cekirdek-Siyah-280x280.jpg 280w\" sizes=\"(max-width: 400px) 100vw, 400px\" \/>\t\t\t\t\t\t\n\t\t\t\t\t<\/div>\n\t\t\t\t\t\t\t\t\n<style>\n#image_115117580 {\n  width: 100%;\n}\n<\/style>\n\t<\/div>\n\t\n<p style=\"text-align: center;\">\u0628\u0630\u0648\u0631 \u0639\u0628\u0627\u062f \u0627\u0644\u0634\u0645\u0633 \u0623\u0644\u0627\u062c\u0627<\/p>\n\t\t<\/div>\n\t\t\t\t\t<\/div>\n\n\t\n<\/div>\n<div class=\"row\"  id=\"row-633179182\">\n\n\t<div id=\"col-337955729\" class=\"col medium-4 small-12 large-4\"  >\n\t\t\t\t<div class=\"col-inner\"  >\n\t\t\t\n\t\t\t\n\t\t<\/div>\n\t\t\t\t\t<\/div>\n\n\t\n\n\t<div id=\"col-1974010539\" class=\"col medium-4 small-12 large-4\"  >\n\t\t\t\t<div class=\"col-inner\"  >\n\t\t\t\n\t\t\t\n<a href=\"https:\/\/bakistarim.com\/iletisim\" target=\"_self\" class=\"button secondary is-large box-shadow-2 box-shadow-5-hover expand\"  style=\"border-radius:20px;\">\n  <i class=\"icon-user\" aria-hidden=\"true\" ><\/i>  <span>\u0627\u062a\u0635\u0627\u0644<\/span>\n  <\/a>\n\n\t\t<\/div>\n\t\t\t\t\t<\/div>\n\n\t\n\n\t<div id=\"col-1490527477\" class=\"col medium-4 small-12 large-4\"  >\n\t\t\t\t<div class=\"col-inner\"  >\n\t\t\t\n\t\t\t\n\t\t<\/div>\n\t\t\t\t\t<\/div>\n\n\t\n<\/div>\n\t\t<\/div>\n\t\t\t\t\t<\/div>\n\n\t\n<\/div>\n\t\t<\/div>\n\t\t\t\t\t<\/div>\n\n\t\n<\/div>\n\t\t<\/div>\n\n\t\t\n<style>\n#section_93740654 {\n  padding-top: 0px;\n  padding-bottom: 0px;\n  background-color: rgb(208, 208, 208);\n}\n#section_93740654 .section-bg-overlay {\n  background-color: rgba(255, 255, 255, 0.85);\n}\n<\/style>\n\t<\/section>\n\t\n","protected":false},"excerpt":{"rendered":"","protected":false},"author":1,"featured_media":0,"parent":0,"menu_order":0,"comment_status":"closed","ping_status":"closed","template":"page-transparent-header-light.php","meta":[],"_links":{"self":[{"href":"https:\/\/bakistarim.com\/ar\/wp-json\/wp\/v2\/pages\/2106"}],"collection":[{"href":"https:\/\/bakistarim.com\/ar\/wp-json\/wp\/v2\/pages"}],"about":[{"href":"https:\/\/bakistarim.com\/ar\/wp-json\/wp\/v2\/types\/page"}],"author":[{"embeddable":true,"href":"https:\/\/bakistarim.com\/ar\/wp-json\/wp\/v2\/users\/1"}],"replies":[{"embeddable":true,"href":"https:\/\/bakistarim.com\/ar\/wp-json\/wp\/v2\/comments?post=2106"}],"version-history":[{"count":5,"href":"https:\/\/bakistarim.com\/ar\/wp-json\/wp\/v2\/pages\/2106\/revisions"}],"predecessor-version":[{"id":2112,"href":"https:\/\/bakistarim.com\/ar\/wp-json\/wp\/v2\/pages\/2106\/revisions\/2112"}],"wp:attachment":[{"href":"https:\/\/bakistarim.com\/ar\/wp-json\/wp\/v2\/media?parent=2106"}],"curies":[{"name":"wp","href":"https:\/\/api.w.org\/{rel}","templated":true}]}}